{"id":3515,"date":"2021-11-04T00:29:40","date_gmt":"2021-11-03T23:29:40","guid":{"rendered":"https:\/\/www.deutschfureuch.com\/produkt\/poster\/"},"modified":"2021-11-04T00:29:53","modified_gmt":"2021-11-03T23:29:53","slug":"poster","status":"publish","type":"product","link":"https:\/\/www.deutschfureuch.com\/de\/produkt\/poster\/","title":{"rendered":"Poster"},"content":{"rendered":"<p>Deutsch f\u00fcr Euch Poster: Drucke mit Museums-Qualit\u00e4t auf widerstandsf\u00e4higem Hochglanzpapier. Was will man mehr vo seinem Poster? Ob sie dir lernen helfen oder du sie einfach sch\u00f6n findest: Unsere Poster sind daf\u00fcr gemacht, deine Wand aufzupeppen und dich daran zu erinnern, warum du Deutsch und DFE so liebst.<\/p>\n<p>Never forget any of the 30 (yes, 30) letters of the alphabet again! You won&#8217;t even need to remember them if you simply hang this Deutsch f\u00fcr Euch alphabet poster somehwere you can see it regularly.  And as a bonus, you get to educate everyone who stops by it and just finds it stylish in its minimalism.<\/p>\n<p>\u2022 Papierdicke: 0,26mm<br \/>\n\u2022 Papiergewicht: 189 g\/m\u00b2<br \/>\n\u2022 Gicl\u00e9e Druckqualit\u00e4t<br \/>\n\u2022 21 x 30cm Poster entspricht A4<br \/>\n\u2022 Rohprodukt aus Japan<\/p>","protected":false},"excerpt":{"rendered":"<p>Deutsch f\u00fcr Euch posters: museum-quality prints on durable glossy paper. What more could you want out of a poster? Whether they help you study or you just find them enjoyable to look at: our posters are designed to spice up your wall and remind you of why you love learning German and DFE. Never forget &hellip;<\/p>\n<p class=\"read-more\"> <a class=\"\" href=\"https:\/\/www.deutschfureuch.com\/de\/produkt\/poster\/\"> <span class=\"screen-reader-text\">Poster<\/span> Weiterlesen &raquo;<\/a><\/p>","protected":false},"featured_media":3521,"comment_status":"open","ping_status":"closed","template":"","meta":[],"product_brand":[],"product_cat":[57,59],"product_tag":[],"class_list":{"0":"post-3515","1":"product","2":"type-product","3":"status-publish","4":"has-post-thumbnail","6":"product_cat-posters","7":"product_cat-2d","9":"first","10":"instock","11":"taxable","12":"shipping-taxable","13":"purchasable","14":"product-type-variable"},"_links":{"self":[{"href":"https:\/\/www.deutschfureuch.com\/de\/wp-json\/wp\/v2\/product\/3515","targetHints":{"allow":["GET"]}}],"collection":[{"href":"https:\/\/www.deutschfureuch.com\/de\/wp-json\/wp\/v2\/product"}],"about":[{"href":"https:\/\/www.deutschfureuch.com\/de\/wp-json\/wp\/v2\/types\/product"}],"replies":[{"embeddable":true,"href":"https:\/\/www.deutschfureuch.com\/de\/wp-json\/wp\/v2\/comments?post=3515"}],"wp:featuredmedia":[{"embeddable":true,"href":"https:\/\/www.deutschfureuch.com\/de\/wp-json\/wp\/v2\/media\/3521"}],"wp:attachment":[{"href":"https:\/\/www.deutschfureuch.com\/de\/wp-json\/wp\/v2\/media?parent=3515"}],"wp:term":[{"taxonomy":"product_brand","embeddable":true,"href":"https:\/\/www.deutschfureuch.com\/de\/wp-json\/wp\/v2\/product_brand?post=3515"},{"taxonomy":"product_cat","embeddable":true,"href":"https:\/\/www.deutschfureuch.com\/de\/wp-json\/wp\/v2\/product_cat?post=3515"},{"taxonomy":"product_tag","embeddable":true,"href":"https:\/\/www.deutschfureuch.com\/de\/wp-json\/wp\/v2\/product_tag?post=3515"}],"curies":[{"name":"wp","href":"https:\/\/api.w.org\/{rel}","templated":true}]}}