{"id":2538,"date":"2021-10-08T02:28:02","date_gmt":"2021-10-08T00:28:02","guid":{"rendered":"https:\/\/www.deutschfureuch.com\/produkt\/dfe-logo-flip-flops\/"},"modified":"2021-10-09T00:21:11","modified_gmt":"2021-10-08T22:21:11","slug":"dfe-logo-flip-flops","status":"publish","type":"product","link":"https:\/\/www.deutschfureuch.com\/de\/produkt\/dfe-logo-flip-flops\/","title":{"rendered":"Deutsch f\u00fcr Euch Flip-Flops"},"content":{"rendered":"<p>Deutsch f\u00fcr Euch Flip-Flops: fr\u00f6hliche Schuhe f\u00fcr einen abenteuerlichen und sorgenfreien Sommer. Die Gummisohle ist mit einem weichen Stoff bezogen, auf dem du dich wohl f\u00fchlst, wo immer dich der Tag hin tr\u00e4gt.<br \/>\nZeig deine Liebe f\u00fcr DFE!<\/p>\n<p>Mit Deutsch f\u00fcr Euch Logo Merch zeigst du allen, wen und was du toll findest. W\u00e4hrend des Designprozesses war es Katja besonders wichtig, dass DFE Swag nicht einfach nur faules Brand-Repping ist, sondern dass ihr nachher tats\u00e4chlich ein stylisches Accessoire, Kleidungsst\u00fcck oder sch\u00f6nes Ding habt. Wir hoffen, dass ihr zustimmt, dass das Deutsch f\u00fcr Euch Logo mit seinem fr\u00f6hlichen Design genauso viel Spa\u00df macht, wie es deine Treue zeigt! :)<\/p>\n<p>\u2022 Gummisohle<br \/>\n\u2022 Futter: 100% Polyester<br \/>\n\u2022 schwarze, Y-geformte Gummiriemen<br \/>\n\u2022 Zehenspalter<\/p>","protected":false},"excerpt":{"rendered":"<p>Deutsch f\u00fcr Euch Flip-Flops: fun slippers for an adventurous and carefree summer! The rubber sole is lined with a soft fabric to make sure you feel comfortable wherever your day takes you. Show your love for German and Deutsch f\u00fcr Euch! Deutsch f\u00fcr Euch Logo merch shows everyone straight up who and what you&#8217;re representing. &hellip;<\/p>\n<p class=\"read-more\"> <a class=\"\" href=\"https:\/\/www.deutschfureuch.com\/de\/produkt\/dfe-logo-flip-flops\/\"> <span class=\"screen-reader-text\">Deutsch f\u00fcr Euch Flip-Flops<\/span> Weiterlesen &raquo;<\/a><\/p>","protected":false},"featured_media":2542,"comment_status":"open","ping_status":"closed","template":"","meta":[],"product_brand":[],"product_cat":[48,54],"product_tag":[139],"class_list":{"0":"post-2538","1":"product","2":"type-product","3":"status-publish","4":"has-post-thumbnail","6":"product_cat-appa","7":"product_cat-socks","8":"product_tag-logo","10":"first","11":"instock","12":"taxable","13":"shipping-taxable","14":"purchasable","15":"product-type-variable"},"_links":{"self":[{"href":"https:\/\/www.deutschfureuch.com\/de\/wp-json\/wp\/v2\/product\/2538","targetHints":{"allow":["GET"]}}],"collection":[{"href":"https:\/\/www.deutschfureuch.com\/de\/wp-json\/wp\/v2\/product"}],"about":[{"href":"https:\/\/www.deutschfureuch.com\/de\/wp-json\/wp\/v2\/types\/product"}],"replies":[{"embeddable":true,"href":"https:\/\/www.deutschfureuch.com\/de\/wp-json\/wp\/v2\/comments?post=2538"}],"wp:featuredmedia":[{"embeddable":true,"href":"https:\/\/www.deutschfureuch.com\/de\/wp-json\/wp\/v2\/media\/2542"}],"wp:attachment":[{"href":"https:\/\/www.deutschfureuch.com\/de\/wp-json\/wp\/v2\/media?parent=2538"}],"wp:term":[{"taxonomy":"product_brand","embeddable":true,"href":"https:\/\/www.deutschfureuch.com\/de\/wp-json\/wp\/v2\/product_brand?post=2538"},{"taxonomy":"product_cat","embeddable":true,"href":"https:\/\/www.deutschfureuch.com\/de\/wp-json\/wp\/v2\/product_cat?post=2538"},{"taxonomy":"product_tag","embeddable":true,"href":"https:\/\/www.deutschfureuch.com\/de\/wp-json\/wp\/v2\/product_tag?post=2538"}],"curies":[{"name":"wp","href":"https:\/\/api.w.org\/{rel}","templated":true}]}}