{"id":2469,"date":"2021-10-04T18:50:36","date_gmt":"2021-10-04T16:50:36","guid":{"rendered":"https:\/\/www.deutschfureuch.com\/produkt\/white-glossy-mug\/"},"modified":"2021-11-17T14:30:44","modified_gmt":"2021-11-17T13:30:44","slug":"white-glossy-mug","status":"publish","type":"product","link":"https:\/\/www.deutschfureuch.com\/de\/produkt\/white-glossy-mug\/","title":{"rendered":"WordLego Mug: Fr\u00fchaufsteher"},"content":{"rendered":"<p>Kaffee oder Tee? Aus den Deutsch f\u00fcr Euch Tassen schmeckt dein Lieblingsgetr\u00e4nk gleich noch besser. Nat\u00fcrlich k\u00f6nnen wir das nicht beweisen, aber einen Versuch ist es wert, oder? Ob du deinen Morgenkaffee, einen Tee am Abend oder irgendwas dazwischen trinkst - diese Tasse ist f\u00fcr dich da!<br \/>\nBy the way: this design is a mug exclusive. So if you are always the first person awake and mornings are your favorite time of day, this mug is a must-have!<\/p>\n<p>\u2022 Keramik<br \/>\n\u2022 0,3l Tasse Abmessungen: 9,8 cm (4,7\u2033) H\u00f6he, 8,5 cm (3,35\u2033) Durchmesser<br \/>\n\u2022 sicher f\u00fcr Sp\u00fclmaschine und Mikrowelle<br \/>\n\u2022 Rohprodukt aus China<\/p>","protected":false},"excerpt":{"rendered":"<p>Coffee or tea? Your favorite drink will taste even better out of Deutsch f\u00fcr Euch mugs. Of course we can&#8217;t prove that, but it can&#8217;t hurt to test the theory, right? Whether you&#8217;re drinking your morning coffee, evening tea, or something in between \u2013 this mug&#8217;s for you! By the way: this design is a &hellip;<\/p>\n<p class=\"read-more\"> <a class=\"\" href=\"https:\/\/www.deutschfureuch.com\/de\/produkt\/white-glossy-mug\/\"> <span class=\"screen-reader-text\">WordLego Mug: Fr\u00fchaufsteher<\/span> Weiterlesen &raquo;<\/a><\/p>","protected":false},"featured_media":2470,"comment_status":"open","ping_status":"closed","template":"","meta":[],"product_brand":[],"product_cat":[55,60],"product_tag":[143],"class_list":{"0":"post-2469","1":"product","2":"type-product","3":"status-publish","4":"has-post-thumbnail","6":"product_cat-mugs","7":"product_cat-3d","8":"product_tag-lego","10":"first","11":"instock","12":"taxable","13":"shipping-taxable","14":"purchasable","15":"product-type-simple"},"_links":{"self":[{"href":"https:\/\/www.deutschfureuch.com\/de\/wp-json\/wp\/v2\/product\/2469","targetHints":{"allow":["GET"]}}],"collection":[{"href":"https:\/\/www.deutschfureuch.com\/de\/wp-json\/wp\/v2\/product"}],"about":[{"href":"https:\/\/www.deutschfureuch.com\/de\/wp-json\/wp\/v2\/types\/product"}],"replies":[{"embeddable":true,"href":"https:\/\/www.deutschfureuch.com\/de\/wp-json\/wp\/v2\/comments?post=2469"}],"wp:featuredmedia":[{"embeddable":true,"href":"https:\/\/www.deutschfureuch.com\/de\/wp-json\/wp\/v2\/media\/2470"}],"wp:attachment":[{"href":"https:\/\/www.deutschfureuch.com\/de\/wp-json\/wp\/v2\/media?parent=2469"}],"wp:term":[{"taxonomy":"product_brand","embeddable":true,"href":"https:\/\/www.deutschfureuch.com\/de\/wp-json\/wp\/v2\/product_brand?post=2469"},{"taxonomy":"product_cat","embeddable":true,"href":"https:\/\/www.deutschfureuch.com\/de\/wp-json\/wp\/v2\/product_cat?post=2469"},{"taxonomy":"product_tag","embeddable":true,"href":"https:\/\/www.deutschfureuch.com\/de\/wp-json\/wp\/v2\/product_tag?post=2469"}],"curies":[{"name":"wp","href":"https:\/\/api.w.org\/{rel}","templated":true}]}}