{"id":2193,"date":"2021-09-30T20:35:24","date_gmt":"2021-09-30T18:35:24","guid":{"rendered":"https:\/\/www.deutschfureuch.com\/produkt\/klugscheiser-hoodie\/"},"modified":"2021-11-03T04:26:15","modified_gmt":"2021-11-03T03:26:15","slug":"klugscheiser-hoodie","status":"publish","type":"product","link":"https:\/\/www.deutschfureuch.com\/de\/produkt\/klugscheiser-hoodie\/","title":{"rendered":"Klugschei\u00dfer Hoodie"},"content":{"rendered":"<p>Deutsch f\u00fcr Euch hoodies: the right wear for your winter trip to Germany, to study or simply to meet friends &#8211; in short, a hoodie for every occasion. With its soft fabric and comfortable fit, it will make you feel warm and cool all at the same time.<\/p>\n<p>It&#8217;s the hoodie that saves you the time to say &#8220;UHM actually:&#8230;&#8221;! Let the world know who has all the facts. This hoodie declares your allegiance with the underappreciated breed of people known as Klugschei\u00dfer &#8211; God may know everything, but you know better. And if those you encounter while wearing this hoodie didn&#8217;t know anything before, now at least they know that. (Man, so much knowledge in one description).<\/p>\n<p>More things to know about this hoodie:<\/p>\n<p>\u2022 50% vorgeschrumpfte Baumwolle, 50% Polyester<br \/>\n\u2022 Stoffgewicht: 271,25 g\/m\u00b2<br \/>\n\u2022 weiches, luftgesponnenes Garn, das weniger Pillen dreht<br \/>\n\u2022 doppelt gen\u00e4hte Kapuze mit passender Kordel<br \/>\n\u2022 Vermeidung von Mittelfalten durch Verarbeitung des Rumpfes<br \/>\n\u2022 1 \u00d7 1 sportliche, gerippte B\u00fcnde mit Spandex<br \/>\n\u2022 Beuteltasche vorne<br \/>\n\u2022 doppelt gen\u00e4ht an Kragen, Schultern, Armh\u00f6hlen, B\u00fcnden und Saum<br \/>\n\u2022 Rohprodukt aus Honduras, Mexico oder Nicaragua<\/p>","protected":false},"excerpt":{"rendered":"<p>Deutsch f\u00fcr Euch hoodies: the right wear for your winter trip to Germany, to study or simply to meet friends &#8211; in short, a hoodie for every occasion. With its soft fabric and comfortable fit, it will make you feel warm and cool all at the same time. It&#8217;s the hoodie that saves you the &hellip;<\/p>\n<p class=\"read-more\"> <a class=\"\" href=\"https:\/\/www.deutschfureuch.com\/de\/produkt\/klugscheiser-hoodie\/\"> <span class=\"screen-reader-text\">Klugschei\u00dfer Hoodie<\/span> Weiterlesen &raquo;<\/a><\/p>","protected":false},"featured_media":2231,"comment_status":"open","ping_status":"closed","template":"","meta":[],"product_brand":[],"product_cat":[48,50],"product_tag":[153],"class_list":{"0":"post-2193","1":"product","2":"type-product","3":"status-publish","4":"has-post-thumbnail","6":"product_cat-appa","7":"product_cat-shirts","8":"product_tag-klugscheier","10":"first","11":"instock","12":"taxable","13":"shipping-taxable","14":"purchasable","15":"product-type-variable"},"_links":{"self":[{"href":"https:\/\/www.deutschfureuch.com\/de\/wp-json\/wp\/v2\/product\/2193","targetHints":{"allow":["GET"]}}],"collection":[{"href":"https:\/\/www.deutschfureuch.com\/de\/wp-json\/wp\/v2\/product"}],"about":[{"href":"https:\/\/www.deutschfureuch.com\/de\/wp-json\/wp\/v2\/types\/product"}],"replies":[{"embeddable":true,"href":"https:\/\/www.deutschfureuch.com\/de\/wp-json\/wp\/v2\/comments?post=2193"}],"wp:featuredmedia":[{"embeddable":true,"href":"https:\/\/www.deutschfureuch.com\/de\/wp-json\/wp\/v2\/media\/2231"}],"wp:attachment":[{"href":"https:\/\/www.deutschfureuch.com\/de\/wp-json\/wp\/v2\/media?parent=2193"}],"wp:term":[{"taxonomy":"product_brand","embeddable":true,"href":"https:\/\/www.deutschfureuch.com\/de\/wp-json\/wp\/v2\/product_brand?post=2193"},{"taxonomy":"product_cat","embeddable":true,"href":"https:\/\/www.deutschfureuch.com\/de\/wp-json\/wp\/v2\/product_cat?post=2193"},{"taxonomy":"product_tag","embeddable":true,"href":"https:\/\/www.deutschfureuch.com\/de\/wp-json\/wp\/v2\/product_tag?post=2193"}],"curies":[{"name":"wp","href":"https:\/\/api.w.org\/{rel}","templated":true}]}}