{"id":1516,"date":"2021-08-10T16:31:59","date_gmt":"2021-08-10T14:31:59","guid":{"rendered":"https:\/\/www.deutschfureuch.com\/produkt\/dfe-notebook\/"},"modified":"2021-10-08T23:04:01","modified_gmt":"2021-10-08T21:04:01","slug":"dfe-notebook","status":"publish","type":"product","link":"https:\/\/www.deutschfureuch.com\/de\/produkt\/dfe-notebook\/","title":{"rendered":"Deutsch f\u00fcr Euch Notebook"},"content":{"rendered":"<p>Ein gutes Notizbuch kann dich motivieren, \u00fcberhaupt Notizen zu machen, Ideen aufzuschreiben oder zuk\u00fcnftige Ziele zu sortieren. Dieses Deutsch f\u00fcr Euch Notizbuch wird dir ein toller t\u00e4glicher Begleiter sein, wann immer du deine Ideen aufschreiben musst - und dich dabei an deinen Lieblingslernkanal erinnern! Es ist nicht nur in vielen Designs verf\u00fcgbar, sondern bietet dir auch jede Menge Platz f\u00fcr Vokabellisten, Notizen aller Art und sogar Zeichnungen und Kritzeleien, wenn du gerade genug vom Schreiben hast.<\/p>\n<p>Mit Deutsch f\u00fcr Euch Logo Merch zeigst du allen, wen und was du toll findest. W\u00e4hrend des Designprozesses war es Katja besonders wichtig, dass DFE Swag nicht einfach nur faules Brand-Repping ist, sondern dass ihr nachher tats\u00e4chlich ein stylisches Accessoire, Kleidungsst\u00fcck oder sch\u00f6nes Ding habt. Wir hoffen, dass ihr zustimmt, dass das Deutsch f\u00fcr Euch Logo mit seinem fr\u00f6hlichen Design genauso viel Spa\u00df macht, wie es deine Treue zeigt! :)<\/p>\n<p>\u2022 Cover mit weicher Versiegelung<br \/>\n\u2022 Gewicht Cover: 352 g\/m\u00b2<br \/>\n\u2022 Papiergewicht: 89 g\/m\u00b2<br \/>\n\u2022 Ringbindung aus Metall<br \/>\n\u2022 140 Seiten mit Punkteraster<br \/>\n\u2022 Gr\u00f6\u00dfe: 13 x 21 cm<br \/>\n\u2022 Rohprodukt aus den USA<\/p>","protected":false},"excerpt":{"rendered":"<p>A good notebook can help you with motivation to take more notes, write down ideas, or list future goals. This Deutsch f\u00fcr Euch notebook will be a great daily companion whenever you need to put your thoughts down on paper while reminding you of your favorite learning channel! Not only does it come in multiple &hellip;<\/p>\n<p class=\"read-more\"> <a class=\"\" href=\"https:\/\/www.deutschfureuch.com\/de\/produkt\/dfe-notebook\/\"> <span class=\"screen-reader-text\">Deutsch f\u00fcr Euch Notebook<\/span> Weiterlesen &raquo;<\/a><\/p>","protected":false},"featured_media":1517,"comment_status":"open","ping_status":"closed","template":"","meta":[],"product_brand":[],"product_cat":[61,59],"product_tag":[139],"class_list":{"0":"post-1516","1":"product","2":"type-product","3":"status-publish","4":"has-post-thumbnail","6":"product_cat-notes","7":"product_cat-2d","8":"product_tag-logo","10":"first","11":"instock","12":"taxable","13":"shipping-taxable","14":"purchasable","15":"product-type-simple"},"_links":{"self":[{"href":"https:\/\/www.deutschfureuch.com\/de\/wp-json\/wp\/v2\/product\/1516","targetHints":{"allow":["GET"]}}],"collection":[{"href":"https:\/\/www.deutschfureuch.com\/de\/wp-json\/wp\/v2\/product"}],"about":[{"href":"https:\/\/www.deutschfureuch.com\/de\/wp-json\/wp\/v2\/types\/product"}],"replies":[{"embeddable":true,"href":"https:\/\/www.deutschfureuch.com\/de\/wp-json\/wp\/v2\/comments?post=1516"}],"wp:featuredmedia":[{"embeddable":true,"href":"https:\/\/www.deutschfureuch.com\/de\/wp-json\/wp\/v2\/media\/1517"}],"wp:attachment":[{"href":"https:\/\/www.deutschfureuch.com\/de\/wp-json\/wp\/v2\/media?parent=1516"}],"wp:term":[{"taxonomy":"product_brand","embeddable":true,"href":"https:\/\/www.deutschfureuch.com\/de\/wp-json\/wp\/v2\/product_brand?post=1516"},{"taxonomy":"product_cat","embeddable":true,"href":"https:\/\/www.deutschfureuch.com\/de\/wp-json\/wp\/v2\/product_cat?post=1516"},{"taxonomy":"product_tag","embeddable":true,"href":"https:\/\/www.deutschfureuch.com\/de\/wp-json\/wp\/v2\/product_tag?post=1516"}],"curies":[{"name":"wp","href":"https:\/\/api.w.org\/{rel}","templated":true}]}}