{"id":1401,"date":"2021-08-10T15:48:29","date_gmt":"2021-08-10T13:48:29","guid":{"rendered":"https:\/\/www.deutschfureuch.com\/produkt\/chibi-gym-bag\/"},"modified":"2021-10-22T03:07:32","modified_gmt":"2021-10-22T01:07:32","slug":"chibi-gym-bag","status":"publish","type":"product","link":"https:\/\/www.deutschfureuch.com\/de\/produkt\/chibi-gym-bag\/","title":{"rendered":"Katja Chibi Gym Bag"},"content":{"rendered":"<p>Ob f\u00fcr die Schule, den Einkauf, Shopping oder deinem Deutschlandtrip: mit den Deutsch f\u00fcr Euch Taschen bringst du dein Gep\u00e4ck entspannt von A nach B! Kombiniere deine Liebe f\u00fcr bunte Motive und sportlichen Style mit dieser coolen Gym Bag.<\/p>\n<p>The cute chibi (a term used to refer to tiny versions of characters in anime) design was generously designed &amp; donated by old-school DFE fan AmalgamX! It&#8217;s Katja, complete with glasses, beanie and matching top and accessoires &#8211; and a huge head! Adorable!<\/p>\n<p>\u2022 100% gesponnenes Polyester<br \/>\n\u2022 one size: 38,1cm x 43,2cm<br \/>\n\u2022 Stoffgewicht: 224 g\/m\u00b2<br \/>\n\u2022 Maximalgewicht: 15kg<br \/>\n\u2022 Doppelkordel aus Baumwolle<br \/>\n\u2022 Verschluss mit Kordeldurchzug<br \/>\n\u2022 Rohproduktkomponenten aus China (f\u00fcr USA)<br \/>\n\u2022 Rohproduktkomponenten aus China und der EU (f\u00fcr EU)<\/p>","protected":false},"excerpt":{"rendered":"<p>Whether it be for school, running erands, shopping or on your trip to Germany: with Deutsch f\u00fcr Euch bags, you&#8217;ll carry everything that matters safely from point A to B! Combine your love for vibrant prints and a sporty style with a cool drawstring bag. The cute chibi (a term used to refer to tiny &hellip;<\/p>\n<p class=\"read-more\"> <a class=\"\" href=\"https:\/\/www.deutschfureuch.com\/de\/produkt\/chibi-gym-bag\/\"> <span class=\"screen-reader-text\">Katja Chibi Gym Bag<\/span> Weiterlesen &raquo;<\/a><\/p>","protected":false},"featured_media":1402,"comment_status":"open","ping_status":"closed","template":"","meta":[],"product_brand":[],"product_cat":[56,60],"product_tag":[141],"class_list":{"0":"post-1401","1":"product","2":"type-product","3":"status-publish","4":"has-post-thumbnail","6":"product_cat-bags","7":"product_cat-3d","8":"product_tag-chibi","10":"first","11":"instock","12":"taxable","13":"shipping-taxable","14":"purchasable","15":"product-type-simple"},"_links":{"self":[{"href":"https:\/\/www.deutschfureuch.com\/de\/wp-json\/wp\/v2\/product\/1401","targetHints":{"allow":["GET"]}}],"collection":[{"href":"https:\/\/www.deutschfureuch.com\/de\/wp-json\/wp\/v2\/product"}],"about":[{"href":"https:\/\/www.deutschfureuch.com\/de\/wp-json\/wp\/v2\/types\/product"}],"replies":[{"embeddable":true,"href":"https:\/\/www.deutschfureuch.com\/de\/wp-json\/wp\/v2\/comments?post=1401"}],"wp:featuredmedia":[{"embeddable":true,"href":"https:\/\/www.deutschfureuch.com\/de\/wp-json\/wp\/v2\/media\/1402"}],"wp:attachment":[{"href":"https:\/\/www.deutschfureuch.com\/de\/wp-json\/wp\/v2\/media?parent=1401"}],"wp:term":[{"taxonomy":"product_brand","embeddable":true,"href":"https:\/\/www.deutschfureuch.com\/de\/wp-json\/wp\/v2\/product_brand?post=1401"},{"taxonomy":"product_cat","embeddable":true,"href":"https:\/\/www.deutschfureuch.com\/de\/wp-json\/wp\/v2\/product_cat?post=1401"},{"taxonomy":"product_tag","embeddable":true,"href":"https:\/\/www.deutschfureuch.com\/de\/wp-json\/wp\/v2\/product_tag?post=1401"}],"curies":[{"name":"wp","href":"https:\/\/api.w.org\/{rel}","templated":true}]}}