{"id":1384,"date":"2021-08-10T13:46:34","date_gmt":"2021-08-10T11:46:34","guid":{"rendered":"https:\/\/www.deutschfureuch.com\/produkt\/dfe-heart-cuffed-beanie\/"},"modified":"2023-01-07T04:03:32","modified_gmt":"2023-01-07T03:03:32","slug":"dfe-heart-cuffed-beanie","status":"publish","type":"product","link":"https:\/\/www.deutschfureuch.com\/de\/produkt\/dfe-heart-cuffed-beanie\/","title":{"rendered":"Das Heart Beanie"},"content":{"rendered":"<p>Jetzt gibts was auf die M\u00fctze! Das richtige Accessoire f\u00fcr jeden Deutschlerner, ein Must-have f\u00fcr jeden wahren Deutsch f\u00fcr Euch Fan: DFE M\u00fctzen! Als W\u00e4rmespender, f\u00fcr den Deutschland-Trip oder einfach im Alltag, hier kannst du nichts falsch machen. Alle Designs sind aufgestickt, nicht gedruckt - das macht sie besser les-\/sichtbar und widerstandsf\u00e4hig.<\/p>\n<p>Zeig deine Begeisterung f\u00fcr Deutsch - und Deutsch f\u00fcr Euch. Dieses schicke Herz kombiniert die Deutschland-Flagge und DFE-Branding zu unserem ganz eigenen Dankesch\u00f6n, das du auf deinem Kopf herumtragen kannst! :)<\/p>\n<p>\u2022 100% Polyacryl<br \/>\n\u2022 30cm L\u00e4nge<br \/>\n\u2022 allergikerfreundlich<br \/>\n\u2022 Unisex Style<br \/>\n\u2022 von Hand waschbar<br \/>\n\u2022 Rohprodukt aus Vietnam oder Bangladesch<\/p>","protected":false},"excerpt":{"rendered":"<p>The right accessory for any German learner, a must-have for any true Deutsch f\u00fcr Euch fan: DFE beanies! Whether it be to keep your ears warm in winter or simply to wear a cool hat, you can&#8217;t go wrong here. All designs are embroidered rather than printed, making them clearly visible and much more durable. &hellip;<\/p>\n<p class=\"read-more\"> <a class=\"\" href=\"https:\/\/www.deutschfureuch.com\/de\/produkt\/dfe-heart-cuffed-beanie\/\"> <span class=\"screen-reader-text\">Das Heart Beanie<\/span> Weiterlesen &raquo;<\/a><\/p>","protected":false},"featured_media":1393,"comment_status":"open","ping_status":"closed","template":"","meta":[],"product_brand":[],"product_cat":[48,49],"product_tag":[140],"class_list":{"0":"post-1384","1":"product","2":"type-product","3":"status-publish","4":"has-post-thumbnail","6":"product_cat-appa","7":"product_cat-bean","8":"product_tag-heart","10":"first","11":"instock","12":"taxable","13":"shipping-taxable","14":"purchasable","15":"product-type-variable"},"_links":{"self":[{"href":"https:\/\/www.deutschfureuch.com\/de\/wp-json\/wp\/v2\/product\/1384","targetHints":{"allow":["GET"]}}],"collection":[{"href":"https:\/\/www.deutschfureuch.com\/de\/wp-json\/wp\/v2\/product"}],"about":[{"href":"https:\/\/www.deutschfureuch.com\/de\/wp-json\/wp\/v2\/types\/product"}],"replies":[{"embeddable":true,"href":"https:\/\/www.deutschfureuch.com\/de\/wp-json\/wp\/v2\/comments?post=1384"}],"wp:featuredmedia":[{"embeddable":true,"href":"https:\/\/www.deutschfureuch.com\/de\/wp-json\/wp\/v2\/media\/1393"}],"wp:attachment":[{"href":"https:\/\/www.deutschfureuch.com\/de\/wp-json\/wp\/v2\/media?parent=1384"}],"wp:term":[{"taxonomy":"product_brand","embeddable":true,"href":"https:\/\/www.deutschfureuch.com\/de\/wp-json\/wp\/v2\/product_brand?post=1384"},{"taxonomy":"product_cat","embeddable":true,"href":"https:\/\/www.deutschfureuch.com\/de\/wp-json\/wp\/v2\/product_cat?post=1384"},{"taxonomy":"product_tag","embeddable":true,"href":"https:\/\/www.deutschfureuch.com\/de\/wp-json\/wp\/v2\/product_tag?post=1384"}],"curies":[{"name":"wp","href":"https:\/\/api.w.org\/{rel}","templated":true}]}}