{"id":1222,"date":"2021-08-02T19:57:47","date_gmt":"2021-08-02T17:57:47","guid":{"rendered":"https:\/\/www.deutschfureuch.com\/produkt\/flip-flops\/"},"modified":"2025-02-13T00:46:17","modified_gmt":"2025-02-12T23:46:17","slug":"flip-flops","status":"publish","type":"product","link":"https:\/\/www.deutschfureuch.com\/de\/produkt\/flip-flops\/","title":{"rendered":"WordLego Flip-Flops"},"content":{"rendered":"<p>Deutsch f\u00fcr Euch Flip-Flops: fr\u00f6hliche Schuhe f\u00fcr einen abenteuerlichen und sorgenfreien Sommer. Die Gummisohle ist mit einem weichen Stoff bezogen, auf dem du dich wohl f\u00fchlst, wo immer dich der Tag hin tr\u00e4gt.<\/p>\n<p>Du hast schon mal von Wanderlust und Schadenfreude geh\u00f6rt, aber was ist mit Miesepeter und Blindfisch? \nDiese Flip-Flops bringen dir diese und noch weitere tolle deutsche \"Lego-W\u00f6rter\" (auch bekannt als Komposita) unterwegs bei... jedenfalls, sobald du sie ausziehst. Du k\u00f6nntest sie auch an die Wand nageln, aber daf\u00fcr haben wir hier bessere Optionen. Prim\u00e4r zeigen sie, dass du so motiviert bist, dass sogar deine F\u00fc\u00dfe Deutsch lernen!<\/p>\n<p>\u2022 Gummisohle<br \/>\n\u2022 100% polyester fabric lining<br \/>\n\u2022 schwarze, Y-geformte Gummiriemen<\/p>","protected":false},"excerpt":{"rendered":"<p>Deutsch f\u00fcr Euch Flip-Flops: fun slippers for an adventurous and carefree summer! The rubber sole is lined with a soft fabric to make sure you feel comfortable wherever your day takes you. You&#8217;ve heard of Wanderlust and Schadenfreude, but what about Miesepeter and Blindfisch? These flip-flops will educate you and others about those awesome German &hellip;<\/p>\n<p class=\"read-more\"> <a class=\"\" href=\"https:\/\/www.deutschfureuch.com\/de\/produkt\/flip-flops\/\"> <span class=\"screen-reader-text\">WordLego Flip-Flops<\/span> Weiterlesen &raquo;<\/a><\/p>","protected":false},"featured_media":1226,"comment_status":"open","ping_status":"closed","template":"","meta":[],"product_brand":[],"product_cat":[48,54],"product_tag":[143],"class_list":{"0":"post-1222","1":"product","2":"type-product","3":"status-publish","4":"has-post-thumbnail","6":"product_cat-appa","7":"product_cat-socks","8":"product_tag-lego","10":"first","11":"instock","12":"taxable","13":"shipping-taxable","14":"purchasable","15":"product-type-variable"},"_links":{"self":[{"href":"https:\/\/www.deutschfureuch.com\/de\/wp-json\/wp\/v2\/product\/1222","targetHints":{"allow":["GET"]}}],"collection":[{"href":"https:\/\/www.deutschfureuch.com\/de\/wp-json\/wp\/v2\/product"}],"about":[{"href":"https:\/\/www.deutschfureuch.com\/de\/wp-json\/wp\/v2\/types\/product"}],"replies":[{"embeddable":true,"href":"https:\/\/www.deutschfureuch.com\/de\/wp-json\/wp\/v2\/comments?post=1222"}],"wp:featuredmedia":[{"embeddable":true,"href":"https:\/\/www.deutschfureuch.com\/de\/wp-json\/wp\/v2\/media\/1226"}],"wp:attachment":[{"href":"https:\/\/www.deutschfureuch.com\/de\/wp-json\/wp\/v2\/media?parent=1222"}],"wp:term":[{"taxonomy":"product_brand","embeddable":true,"href":"https:\/\/www.deutschfureuch.com\/de\/wp-json\/wp\/v2\/product_brand?post=1222"},{"taxonomy":"product_cat","embeddable":true,"href":"https:\/\/www.deutschfureuch.com\/de\/wp-json\/wp\/v2\/product_cat?post=1222"},{"taxonomy":"product_tag","embeddable":true,"href":"https:\/\/www.deutschfureuch.com\/de\/wp-json\/wp\/v2\/product_tag?post=1222"}],"curies":[{"name":"wp","href":"https:\/\/api.w.org\/{rel}","templated":true}]}}